{"id":1079,"date":"2023-04-07T10:58:19","date_gmt":"2023-04-07T08:58:19","guid":{"rendered":"https:\/\/oxo.odevie.org\/cancellation-clauses\/"},"modified":"2024-03-12T15:39:00","modified_gmt":"2024-03-12T14:39:00","slug":"clauses-dannulation","status":"publish","type":"page","link":"https:\/\/www.oxo-canyoning.fr\/en\/clauses-dannulation\/","title":{"rendered":"CANCELLATION CLAUSES"},"content":{"rendered":"\n<h2 class=\"wp-block-heading\"><\/h2>\n\n\n<section class=\"canyon_header\" \nstyle=\"background: url('https:\/\/www.oxo-canyoning.fr\/wp-content\/themes\/oxo\/images\/blog_header.jpg') no-repeat center center; background-size:cover;\"\nrole=\"img\" \naria-label=\"\"    \n>\n<div class=\"canyon_header_content\">\n    <h2><\/h2>\n    <h1>CANCELLATION CLAUSES<\/h1>\n<\/div>\n<\/section>\n\n<section class=\"product_calendar\">\n    <div class=\"product_calendar_wrapper full_text\">\n        <p>The subscriber booking for other participants certifies that all participants, or legal guardians for minors, have read the following general conditions of sale of the company OXO canyoning and that each accepts them individually.<\/p>\n<p>&nbsp;<\/p>\n<h2>CANCELLATION CLAUSES<\/h2>\n<p>&nbsp;<\/p>\n<h2>CANCELLATIONS BY THE CLIENT AND REFUNDS<\/h2>\n<p>1) For any <strong>partial or total cancellation of the client reported within 48 hours<\/strong> before the start of the service, the total amount of the service will be due. No refund will be possible.<\/p>\n<p>2) For any <strong>partial or total cancellation of the customer reported before this deadline<\/strong>, 25% of the total amount will be due, (in accordance with article L.121-20-4 of the Commercial Code).<\/p>\n<p>3) For any <strong>cancellation<\/strong> of one or more participant(s), due to a case of force majeure (illness, injury, mourning&#8230;), justified by a medical certificate or an official act, OXO graciously offers two possibilities:<\/p>\n<ul>\n<li><span style=\"color: #353535;\">The refund of 50% of the amount corresponding to the (to) person(s) prevented.\u00a0<br \/>\nThe postponement of the trip, with a fee of 25%. Possible postponement during the current year according to the availability of OXO canyoning. <\/span><span style=\"color: #353535;\">Pour une personne mineure, OXO applique ces propositions \u00e0 l&#8217;enfant emp\u00each\u00e9, ainsi qu&#8217;\u00e0 un adulte.\u00a0<\/span><\/li>\n<\/ul>\n<p>&nbsp;<\/p>\n<h2>CANCELLATIONS AND POSTPOINMENT OVER OXO&#8217;S GUIDES DECISION<\/h2>\n<p>1) If for internal operational reasons, an outing cannot be honored, OXO canyoning reserves the right to offer the customer another service or <strong>another slot and if necessary to cancel<\/strong> the reservation and proceed to its refund.<\/p>\n<p>2) OXO canyoning reserves the right to cancel a service if the <strong>minimum number of 5 participants<\/strong> is not reached. A solution will be proposed to the customer to delay the release.<\/p>\n<p>3) The decision to cancel a service due to a danger due to weather conditions belongs to the guide(s) or instructor(s) in charge of the supervision and safety of the group, and to them alone. This decision cannot be challenged.<\/p>\n<p>4) In case of cancellation decided by OXO canyoning and\/or the instructor or guide supervising the outing, any amount previously paid would be fully refunded to the customer.<\/p>\n<p>5) For any service whose total amount is greater than or equal to 1000 \u20ac and must be canceled due to adverse weather conditions, OXO canyoning will refund to the customer the deposit reduced by 10% of the total amount, sum corresponding to the costs incurred for the organisation of the service.<\/p>\n<p>&nbsp;<\/p>\n<h2>TIMES AND DELAYS<\/h2>\n<p>Following the reservation, participants will receive <strong>precise location and time of appointment information<\/strong>. For the comfort of other participants, a delay of 20 minutes will be tolerated following which, the group will leave in activity and no refund will be possible.<\/p>\n\n    <\/div>\n<\/section>\n\n<section class=\"product_calendar\">\n    <div class=\"product_calendar_wrapper full_text\">\n        \n    <\/div>\n<\/section>","protected":false},"excerpt":{"rendered":"","protected":false},"author":2,"featured_media":0,"parent":0,"menu_order":0,"comment_status":"closed","ping_status":"closed","template":"","meta":{"_acf_changed":false,"footnotes":""},"class_list":["post-1079","page","type-page","status-publish","hentry"],"acf":[],"_links":{"self":[{"href":"https:\/\/www.oxo-canyoning.fr\/en\/wp-json\/wp\/v2\/pages\/1079","targetHints":{"allow":["GET"]}}],"collection":[{"href":"https:\/\/www.oxo-canyoning.fr\/en\/wp-json\/wp\/v2\/pages"}],"about":[{"href":"https:\/\/www.oxo-canyoning.fr\/en\/wp-json\/wp\/v2\/types\/page"}],"author":[{"embeddable":true,"href":"https:\/\/www.oxo-canyoning.fr\/en\/wp-json\/wp\/v2\/users\/2"}],"replies":[{"embeddable":true,"href":"https:\/\/www.oxo-canyoning.fr\/en\/wp-json\/wp\/v2\/comments?post=1079"}],"version-history":[{"count":5,"href":"https:\/\/www.oxo-canyoning.fr\/en\/wp-json\/wp\/v2\/pages\/1079\/revisions"}],"predecessor-version":[{"id":9532,"href":"https:\/\/www.oxo-canyoning.fr\/en\/wp-json\/wp\/v2\/pages\/1079\/revisions\/9532"}],"wp:attachment":[{"href":"https:\/\/www.oxo-canyoning.fr\/en\/wp-json\/wp\/v2\/media?parent=1079"}],"curies":[{"name":"wp","href":"https:\/\/api.w.org\/{rel}","templated":true}]}}