{"id":408,"date":"2023-04-01T10:46:38","date_gmt":"2023-04-01T08:46:38","guid":{"rendered":"https:\/\/oxo.odevie.org\/produit\/canyon-de-la-belle-au-bois-megeve\/"},"modified":"2025-08-25T12:00:57","modified_gmt":"2025-08-25T10:00:57","slug":"canyon-de-la-belle-au-bois-megeve","status":"publish","type":"product","link":"https:\/\/www.oxo-canyoning.fr\/en\/activite-haute-savoie\/canyon-de-la-belle-au-bois-megeve\/","title":{"rendered":"Megeve canyon"},"content":{"rendered":"<p>Canyon de la belle au bois : un canyon sportif \u00e0 Meg\u00e8ve<\/p>\n","protected":false},"excerpt":{"rendered":"<h3>A Meg\u00e8ve, OXO canyoning vous emm\u00e8ne dans le canyon de la Belle au Bois.<\/h3>\n<p>Une descente de canyoning sportive dans de magnifiques paysages de roche sculpt\u00e9e. Avec ses nombreux sauts, rappels et un toboggan naturel vraiment fun, c&#8217;est une \u00e9chapp\u00e9e nature vraiment inoubliable.\u00a0<\/p>\n","protected":false},"featured_media":12317,"template":"","meta":{"_acf_changed":false,"ngg_post_thumbnail":0},"product_brand":[],"product_cat":[32],"product_tag":[],"class_list":{"0":"post-408","1":"product","2":"type-product","3":"status-publish","4":"has-post-thumbnail","6":"product_cat-canyons-en","7":"bookacti-activity","9":"first","10":"instock","11":"virtual","12":"purchasable","13":"product-type-simple"},"acf":[],"_links":{"self":[{"href":"https:\/\/www.oxo-canyoning.fr\/en\/wp-json\/wp\/v2\/product\/408","targetHints":{"allow":["GET"]}}],"collection":[{"href":"https:\/\/www.oxo-canyoning.fr\/en\/wp-json\/wp\/v2\/product"}],"about":[{"href":"https:\/\/www.oxo-canyoning.fr\/en\/wp-json\/wp\/v2\/types\/product"}],"wp:featuredmedia":[{"embeddable":true,"href":"https:\/\/www.oxo-canyoning.fr\/en\/wp-json\/wp\/v2\/media\/12317"}],"wp:attachment":[{"href":"https:\/\/www.oxo-canyoning.fr\/en\/wp-json\/wp\/v2\/media?parent=408"}],"wp:term":[{"taxonomy":"product_brand","embeddable":true,"href":"https:\/\/www.oxo-canyoning.fr\/en\/wp-json\/wp\/v2\/product_brand?post=408"},{"taxonomy":"product_cat","embeddable":true,"href":"https:\/\/www.oxo-canyoning.fr\/en\/wp-json\/wp\/v2\/product_cat?post=408"},{"taxonomy":"product_tag","embeddable":true,"href":"https:\/\/www.oxo-canyoning.fr\/en\/wp-json\/wp\/v2\/product_tag?post=408"}],"curies":[{"name":"wp","href":"https:\/\/api.w.org\/{rel}","templated":true}]}}