{"id":413,"date":"2023-04-01T13:43:38","date_gmt":"2023-04-01T11:43:38","guid":{"rendered":"https:\/\/oxo.odevie.org\/produit\/via-ferrata-de-passy\/"},"modified":"2024-07-05T18:03:11","modified_gmt":"2024-07-05T16:03:11","slug":"via-ferrata-de-passy","status":"publish","type":"product","link":"https:\/\/www.oxo-canyoning.fr\/en\/activite-haute-savoie\/via-ferrata-de-passy\/","title":{"rendered":"Via ferrata in Passy"},"content":{"rendered":"<p>180 m\u00e8tres de paroi en balcon sur le Mont Blanc et enti\u00e8rement \u00e9quip\u00e9e d&#8217;\u00e9chelons et de ponts de singe !<\/p>\n","protected":false},"excerpt":{"rendered":"<p>180 m\u00e8tres de paroi en balcon sur le Mont Blanc et enti\u00e8rement \u00e9quip\u00e9e d&#8217;\u00e9chelons et de ponts de singe !<\/p>\n","protected":false},"featured_media":12422,"template":"","meta":{"_acf_changed":false},"product_brand":[],"product_cat":[32],"product_tag":[],"class_list":{"0":"post-413","1":"product","2":"type-product","3":"status-publish","4":"has-post-thumbnail","6":"product_cat-canyons-en","7":"bookacti-activity","9":"first","10":"instock","11":"virtual","12":"purchasable","13":"product-type-simple"},"acf":[],"_links":{"self":[{"href":"https:\/\/www.oxo-canyoning.fr\/en\/wp-json\/wp\/v2\/product\/413","targetHints":{"allow":["GET"]}}],"collection":[{"href":"https:\/\/www.oxo-canyoning.fr\/en\/wp-json\/wp\/v2\/product"}],"about":[{"href":"https:\/\/www.oxo-canyoning.fr\/en\/wp-json\/wp\/v2\/types\/product"}],"wp:featuredmedia":[{"embeddable":true,"href":"https:\/\/www.oxo-canyoning.fr\/en\/wp-json\/wp\/v2\/media\/12422"}],"wp:attachment":[{"href":"https:\/\/www.oxo-canyoning.fr\/en\/wp-json\/wp\/v2\/media?parent=413"}],"wp:term":[{"taxonomy":"product_brand","embeddable":true,"href":"https:\/\/www.oxo-canyoning.fr\/en\/wp-json\/wp\/v2\/product_brand?post=413"},{"taxonomy":"product_cat","embeddable":true,"href":"https:\/\/www.oxo-canyoning.fr\/en\/wp-json\/wp\/v2\/product_cat?post=413"},{"taxonomy":"product_tag","embeddable":true,"href":"https:\/\/www.oxo-canyoning.fr\/en\/wp-json\/wp\/v2\/product_tag?post=413"}],"curies":[{"name":"wp","href":"https:\/\/api.w.org\/{rel}","templated":true}]}}